{"id":936,"date":"2025-06-07T08:09:08","date_gmt":"2025-06-07T08:09:08","guid":{"rendered":"https:\/\/backcom.io\/?page_id=936"},"modified":"2026-03-09T16:53:10","modified_gmt":"2026-03-09T16:53:10","slug":"contact-us","status":"publish","type":"page","link":"https:\/\/backcom.io\/en\/contact-us","title":{"rendered":"Contact Us"},"content":{"rendered":"\t\t<div data-elementor-type=\"wp-page\" data-elementor-id=\"936\" class=\"elementor elementor-936\" data-elementor-post-type=\"page\">\n\t\t\t\t<div class=\"elementor-element elementor-element-18e9b4b e-flex e-con-boxed e-con e-parent\" data-id=\"18e9b4b\" data-element_type=\"container\" data-e-type=\"container\">\n\t\t\t\t\t<div class=\"e-con-inner\">\n\t\t<div class=\"elementor-element elementor-element-dbef2fb e-con-full e-flex e-con e-child\" data-id=\"dbef2fb\" data-element_type=\"container\" data-e-type=\"container\" data-settings=\"{&quot;background_background&quot;:&quot;classic&quot;}\">\n\t\t\t\t<div class=\"elementor-element elementor-element-6c0f02f elementor-widget elementor-widget-heading\" data-id=\"6c0f02f\" data-element_type=\"widget\" data-e-type=\"widget\" data-widget_type=\"heading.default\">\n\t\t\t\t<div class=\"elementor-widget-container\">\n\t\t\t\t\t<h1 class=\"elementor-heading-title elementor-size-default\">Li\u00ean H\u1ec7<\/h1>\t\t\t\t<\/div>\n\t\t\t\t<\/div>\n\t\t\t\t<div class=\"elementor-element elementor-element-5fb4f2d elementor-widget__width-initial elementor-widget elementor-widget-text-editor\" data-id=\"5fb4f2d\" data-element_type=\"widget\" data-e-type=\"widget\" data-widget_type=\"text-editor.default\">\n\t\t\t\t<div class=\"elementor-widget-container\">\n\t\t\t\t\t\t\t\t\t<p>B\u1ea1n c\u1ea7n h\u1ed7 tr\u1ee3 ho\u00e0n ph\u00ed ho\u1eb7c h\u1ee3p t\u00e1c c\u00f9ng Backcom.io?<br \/><span style=\"letter-spacing: 0px; background-color: rgba(255, 255, 255, 0);\">Li\u00ean h\u1ec7 ngay \u0111\u1ed9i ng\u0169 Backcom.io \u0111\u1ec3 \u0111\u01b0\u1ee3c t\u01b0 v\u1ea5n t\u1eadn t\u00e2m!<\/span><\/p>\t\t\t\t\t\t\t\t<\/div>\n\t\t\t\t<\/div>\n\t\t\t\t<\/div>\n\t\t<div class=\"elementor-element elementor-element-c320d35 e-con-full e-flex e-con e-child\" data-id=\"c320d35\" data-element_type=\"container\" data-e-type=\"container\" data-settings=\"{&quot;background_background&quot;:&quot;classic&quot;}\">\n\t\t<div class=\"elementor-element elementor-element-013982b e-con-full e-flex e-con e-child\" data-id=\"013982b\" data-element_type=\"container\" data-e-type=\"container\" data-settings=\"{&quot;background_background&quot;:&quot;classic&quot;}\">\n\t\t\t\t<div class=\"elementor-element elementor-element-bf426e1 elementor-widget elementor-widget-heading\" data-id=\"bf426e1\" data-element_type=\"widget\" data-e-type=\"widget\" data-widget_type=\"heading.default\">\n\t\t\t\t<div class=\"elementor-widget-container\">\n\t\t\t\t\t<p class=\"elementor-heading-title elementor-size-default\">Vui l\u00f2ng nh\u1eadp th\u00f4ng tin li\u00ean h\u1ec7 c\u1ee7a b\u1ea1n<\/p>\t\t\t\t<\/div>\n\t\t\t\t<\/div>\n\t\t\t\t<div class=\"elementor-element elementor-element-e21d6aa elementor-widget__width-initial elementor-button-align-stretch elementor-widget elementor-widget-form\" data-id=\"e21d6aa\" data-element_type=\"widget\" data-e-type=\"widget\" data-settings=\"{&quot;step_next_label&quot;:&quot;Next&quot;,&quot;step_previous_label&quot;:&quot;Previous&quot;,&quot;button_width&quot;:&quot;100&quot;,&quot;step_type&quot;:&quot;number_text&quot;,&quot;step_icon_shape&quot;:&quot;circle&quot;}\" data-widget_type=\"form.default\">\n\t\t\t\t<div class=\"elementor-widget-container\">\n\t\t\t\t\t\t\t<form class=\"elementor-form\" method=\"post\" name=\"New Form\" aria-label=\"New Form\">\n\t\t\t<input type=\"hidden\" name=\"post_id\" value=\"936\"\/>\n\t\t\t<input type=\"hidden\" name=\"form_id\" value=\"e21d6aa\"\/>\n\t\t\t<input type=\"hidden\" name=\"referer_title\" value=\"\" \/>\n\n\t\t\t\n\t\t\t<div class=\"elementor-form-fields-wrapper elementor-labels-\">\n\t\t\t\t\t\t\t\t<div class=\"elementor-field-type-text elementor-field-group elementor-column elementor-field-group-name elementor-col-100 elementor-field-required\">\n\t\t\t\t\t\t\t\t\t\t\t\t<label for=\"form-field-name\" class=\"elementor-field-label elementor-screen-only\">\n\t\t\t\t\t\t\t\tT\u00ean C\u1ee7a B\u1ea1n \t\t\t\t\t\t\t<\/label>\n\t\t\t\t\t\t\t\t\t\t\t\t\t\t<input size=\"1\" type=\"text\" name=\"form_fields[name]\" id=\"form-field-name\" class=\"elementor-field elementor-size-sm  elementor-field-textual\" placeholder=\"T\u00ean C\u1ee7a B\u1ea1n \" required=\"required\">\n\t\t\t\t\t\t\t\t\t\t\t<\/div>\n\t\t\t\t\t\t\t\t<div class=\"elementor-field-type-email elementor-field-group elementor-column elementor-field-group-email elementor-col-100 elementor-field-required\">\n\t\t\t\t\t\t\t\t\t\t\t\t<label for=\"form-field-email\" class=\"elementor-field-label elementor-screen-only\">\n\t\t\t\t\t\t\t\tEmail\t\t\t\t\t\t\t<\/label>\n\t\t\t\t\t\t\t\t\t\t\t\t\t\t<input size=\"1\" type=\"email\" name=\"form_fields[email]\" id=\"form-field-email\" class=\"elementor-field elementor-size-sm  elementor-field-textual\" placeholder=\"Email\" required=\"required\">\n\t\t\t\t\t\t\t\t\t\t\t<\/div>\n\t\t\t\t\t\t\t\t<div class=\"elementor-field-type-number elementor-field-group elementor-column elementor-field-group-phone elementor-col-100\">\n\t\t\t\t\t\t\t\t\t\t\t\t<label for=\"form-field-phone\" class=\"elementor-field-label elementor-screen-only\">\n\t\t\t\t\t\t\t\tS\u1ed1 \u0110i\u1ec7n Tho\u1ea1i\t\t\t\t\t\t\t<\/label>\n\t\t\t\t\t\t\t\t\t<input type=\"number\" name=\"form_fields[phone]\" id=\"form-field-phone\" class=\"elementor-field elementor-size-sm  elementor-field-textual\" placeholder=\"S\u1ed1 \u0110i\u1ec7n Tho\u1ea1i\" min=\"\" max=\"\" >\n\t\t\t\t\t\t<\/div>\n\t\t\t\t\t\t\t\t<div class=\"elementor-field-type-textarea elementor-field-group elementor-column elementor-field-group-message elementor-col-100\">\n\t\t\t\t\t\t\t\t\t\t\t\t<label for=\"form-field-message\" class=\"elementor-field-label elementor-screen-only\">\n\t\t\t\t\t\t\t\tL\u1eddi Nh\u1eafn\t\t\t\t\t\t\t<\/label>\n\t\t\t\t\t\t<textarea class=\"elementor-field-textual elementor-field  elementor-size-sm\" name=\"form_fields[message]\" id=\"form-field-message\" rows=\"4\" placeholder=\"L\u1eddi Nh\u1eafn\"><\/textarea>\t\t\t\t<\/div>\n\t\t\t\t\t\t\t\t<div class=\"elementor-field-type-recaptcha_v3 elementor-field-group elementor-column elementor-field-group-captcha elementor-col-100 recaptcha_v3-bottomleft\">\n\t\t\t\t\t<div class=\"elementor-field\" id=\"form-field-captcha\"><div class=\"elementor-g-recaptcha\" data-sitekey=\"6Lfn4zIsAAAAAEAtNNlNeOtFAYsSeeGEG9jCN2CZ\" data-type=\"v3\" data-action=\"Form\" data-badge=\"bottomleft\" data-size=\"invisible\"><\/div><\/div>\t\t\t\t<\/div>\n\t\t\t\t\t\t\t\t<div class=\"elementor-field-group elementor-column elementor-field-type-submit elementor-col-100 e-form__buttons\">\n\t\t\t\t\t<button class=\"elementor-button elementor-size-sm\" type=\"submit\">\n\t\t\t\t\t\t<span class=\"elementor-button-content-wrapper\">\n\t\t\t\t\t\t\t\t\t\t\t\t\t\t\t\t\t\t\t\t\t\t<span class=\"elementor-button-text\">G\u1eedi Ngay<\/span>\n\t\t\t\t\t\t\t\t\t\t\t\t\t<\/span>\n\t\t\t\t\t<\/button>\n\t\t\t\t<\/div>\n\t\t\t<\/div>\n\t\t<\/form>\n\t\t\t\t\t\t<\/div>\n\t\t\t\t<\/div>\n\t\t<div class=\"elementor-element elementor-element-77e3cca e-con-full e-flex e-con e-child\" data-id=\"77e3cca\" data-element_type=\"container\" data-e-type=\"container\">\n\t\t\t\t<div class=\"elementor-element elementor-element-aa4d8ad elementor-widget elementor-widget-heading\" data-id=\"aa4d8ad\" data-element_type=\"widget\" data-e-type=\"widget\" data-widget_type=\"heading.default\">\n\t\t\t\t<div class=\"elementor-widget-container\">\n\t\t\t\t\t<p class=\"elementor-heading-title elementor-size-default\">Ho\u1eb7c li\u00ean h\u1ec7 tr\u1ef1c ti\u1ebfp v\u1edbi ch\u00fang t\u00f4i qua <\/p>\t\t\t\t<\/div>\n\t\t\t\t<\/div>\n\t\t\t\t<\/div>\n\t\t<div class=\"elementor-element elementor-element-76837c4 e-con-full e-flex e-con e-child\" data-id=\"76837c4\" data-element_type=\"container\" data-e-type=\"container\">\n\t\t\t\t<div class=\"elementor-element elementor-element-904fc6c elementor-widget elementor-widget-button\" data-id=\"904fc6c\" data-element_type=\"widget\" data-e-type=\"widget\" data-widget_type=\"button.default\">\n\t\t\t\t<div class=\"elementor-widget-container\">\n\t\t\t\t\t\t\t\t\t<div class=\"elementor-button-wrapper\">\n\t\t\t\t\t<a class=\"elementor-button elementor-button-link elementor-size-sm\" href=\"https:\/\/www.facebook.com\/backcomcrypto.vn\" target=\"_blank\" rel=\"noopener\">\n\t\t\t\t\t\t<span class=\"elementor-button-content-wrapper\">\n\t\t\t\t\t\t<span class=\"elementor-button-icon\">\n\t\t\t\t<svg class=\"ekit-svg-icon icon-facebook\" viewBox=\"0 0 32 32\" xmlns=\"http:\/\/www.w3.org\/2000\/svg\"><path d=\"M23.999 0.407l-4.15-0.007c-4.662 0-7.675 3.091-7.675 7.875v3.631h-4.172c-0.361 0-0.652 0.292-0.652 0.653v5.261c0 0.361 0.292 0.652 0.652 0.652h4.172v13.275c0 0.361 0.292 0.653 0.652 0.653h5.444c0.361 0 0.652-0.292 0.652-0.652v-13.275h4.878c0.361 0 0.652-0.292 0.652-0.652l0.002-5.261c0-0.173-0.069-0.339-0.191-0.461s-0.289-0.191-0.462-0.191h-4.88v-3.078c0-1.479 0.353-2.23 2.28-2.23l2.795-0.001c0.36 0 0.652-0.292 0.652-0.652v-4.885c0-0.36-0.292-0.652-0.651-0.652z\"><\/path><\/svg>\t\t\t<\/span>\n\t\t\t\t\t\t\t\t\t<span class=\"elementor-button-text\">Facebook Fanpage<\/span>\n\t\t\t\t\t<\/span>\n\t\t\t\t\t<\/a>\n\t\t\t\t<\/div>\n\t\t\t\t\t\t\t\t<\/div>\n\t\t\t\t<\/div>\n\t\t\t\t<div class=\"elementor-element elementor-element-6c0eac4 elementor-mobile-align-center elementor-widget elementor-widget-button\" data-id=\"6c0eac4\" data-element_type=\"widget\" data-e-type=\"widget\" data-widget_type=\"button.default\">\n\t\t\t\t<div class=\"elementor-widget-container\">\n\t\t\t\t\t\t\t\t\t<div class=\"elementor-button-wrapper\">\n\t\t\t\t\t<a class=\"elementor-button elementor-button-link elementor-size-sm\" href=\"https:\/\/zalo.me\/0333360365\" target=\"_blank\" rel=\"noopener\">\n\t\t\t\t\t\t<span class=\"elementor-button-content-wrapper\">\n\t\t\t\t\t\t<span class=\"elementor-button-icon\">\n\t\t\t\t<svg class=\"ekit-svg-icon icon-phone-handset\" viewBox=\"0 0 32 32\" xmlns=\"http:\/\/www.w3.org\/2000\/svg\"><path d=\"M25.6 32c-2.834 0-5.849-0.803-8.96-2.387-2.869-1.46-5.703-3.552-8.196-6.048s-4.581-5.332-6.040-8.203c-1.581-3.113-2.383-6.128-2.383-8.962 0-1.837 1.711-3.611 2.447-4.288 1.058-0.974 2.722-2.111 3.931-2.111 0.601 0 1.306 0.393 2.219 1.238 0.681 0.63 1.446 1.485 2.213 2.471 0.462 0.594 2.768 3.633 2.768 5.091 0 1.196-1.352 2.027-2.782 2.906-0.553 0.34-1.125 0.691-1.538 1.023-0.441 0.354-0.52 0.54-0.533 0.582 1.519 3.785 6.161 8.427 9.944 9.943 0.034-0.011 0.221-0.084 0.581-0.534 0.331-0.414 0.683-0.985 1.023-1.538 0.88-1.431 1.71-2.782 2.906-2.782 1.458 0 4.497 2.306 5.091 2.768 0.986 0.767 1.841 1.532 2.471 2.213 0.845 0.912 1.238 1.617 1.238 2.218 0 1.209-1.137 2.879-2.11 3.941-0.678 0.739-2.453 2.459-4.29 2.459zM6.39 1.6c-0.429 0.008-1.582 0.533-2.837 1.688-1.191 1.097-1.931 2.289-1.931 3.112 0 10.766 13.222 24 23.978 24 0.821 0 2.013-0.744 3.11-1.941 1.156-1.261 1.681-2.419 1.69-2.849-0.052-0.304-0.893-1.486-3.195-3.259-1.979-1.524-3.584-2.34-3.997-2.351-0.029 0.009-0.208 0.077-0.571 0.538-0.316 0.401-0.654 0.951-0.98 1.482-0.896 1.458-1.743 2.836-2.973 2.836-0.198 0-0.394-0.038-0.581-0.113-4.199-1.68-9.166-6.646-10.846-10.846-0.202-0.504-0.234-1.294 0.758-2.193 0.528-0.478 1.258-0.927 1.964-1.361 0.531-0.327 1.081-0.664 1.482-0.98 0.461-0.363 0.53-0.542 0.538-0.571-0.011-0.413-0.827-2.018-2.351-3.997-1.772-2.302-2.955-3.143-3.259-3.195z\"><\/path><\/svg>\t\t\t<\/span>\n\t\t\t\t\t\t\t\t\t<span class=\"elementor-button-text\">Zalo: 0333.360.365<\/span>\n\t\t\t\t\t<\/span>\n\t\t\t\t\t<\/a>\n\t\t\t\t<\/div>\n\t\t\t\t\t\t\t\t<\/div>\n\t\t\t\t<\/div>\n\t\t\t\t<\/div>\n\t\t\t\t<\/div>\n\t\t<div class=\"elementor-element elementor-element-037be26 e-con-full e-flex e-con e-child\" data-id=\"037be26\" data-element_type=\"container\" data-e-type=\"container\">\n\t\t\t\t<div class=\"elementor-element elementor-element-2b73002 elementor-widget elementor-widget-image\" data-id=\"2b73002\" data-element_type=\"widget\" data-e-type=\"widget\" data-widget_type=\"image.default\">\n\t\t\t\t<div class=\"elementor-widget-container\">\n\t\t\t\t\t\t\t\t\t\t\t\t\t\t\t<img decoding=\"async\" src=\"https:\/\/backcom.io\/wp-content\/uploads\/elementor\/thumbs\/29-rghqh9bznhazi1dflujegaofwtsvqv0u9id9aweyv4.png\" title=\"29\" alt=\"29\" loading=\"lazy\" \/>\t\t\t\t\t\t\t\t\t\t\t\t\t\t\t<\/div>\n\t\t\t\t<\/div>\n\t\t\t\t<\/div>\n\t\t\t\t<\/div>\n\t\t\t\t\t<\/div>\n\t\t\t\t<\/div>\n\t\t\t\t<\/div>\n\t\t","protected":false},"excerpt":{"rendered":"<p>Li\u00ean H\u1ec7 B\u1ea1n c\u1ea7n h\u1ed7 tr\u1ee3 ho\u00e0n ph\u00ed ho\u1eb7c h\u1ee3p t\u00e1c c\u00f9ng Backcom.io?Li\u00ean h\u1ec7 ngay \u0111\u1ed9i ng\u0169 Backcom.io \u0111\u1ec3 \u0111\u01b0\u1ee3c t\u01b0 v\u1ea5n t\u1eadn t\u00e2m! Vui l\u00f2ng nh\u1eadp th\u00f4ng tin li\u00ean h\u1ec7 c\u1ee7a b\u1ea1n Ho\u1eb7c li\u00ean h\u1ec7 tr\u1ef1c ti\u1ebfp v\u1edbi ch\u00fang t\u00f4i qua Facebook Fanpage Zalo: 0333.360.365<\/p>","protected":false},"author":1,"featured_media":0,"parent":0,"menu_order":0,"comment_status":"closed","ping_status":"closed","template":"","meta":{"_acf_changed":false,"_eb_attr":"","footnotes":""},"class_list":["post-936","page","type-page","status-publish","hentry"],"acf":[],"_links":{"self":[{"href":"https:\/\/backcom.io\/en\/wp-json\/wp\/v2\/pages\/936","targetHints":{"allow":["GET"]}}],"collection":[{"href":"https:\/\/backcom.io\/en\/wp-json\/wp\/v2\/pages"}],"about":[{"href":"https:\/\/backcom.io\/en\/wp-json\/wp\/v2\/types\/page"}],"author":[{"embeddable":true,"href":"https:\/\/backcom.io\/en\/wp-json\/wp\/v2\/users\/1"}],"replies":[{"embeddable":true,"href":"https:\/\/backcom.io\/en\/wp-json\/wp\/v2\/comments?post=936"}],"version-history":[{"count":104,"href":"https:\/\/backcom.io\/en\/wp-json\/wp\/v2\/pages\/936\/revisions"}],"predecessor-version":[{"id":9473,"href":"https:\/\/backcom.io\/en\/wp-json\/wp\/v2\/pages\/936\/revisions\/9473"}],"wp:attachment":[{"href":"https:\/\/backcom.io\/en\/wp-json\/wp\/v2\/media?parent=936"}],"curies":[{"name":"wp","href":"https:\/\/api.w.org\/{rel}","templated":true}]}}