{"id":7860,"date":"2026-01-09T08:59:49","date_gmt":"2026-01-09T08:59:49","guid":{"rendered":"https:\/\/backcom.io\/?page_id=7860"},"modified":"2026-01-21T08:05:27","modified_gmt":"2026-01-21T08:05:27","slug":"chuong-trinh-gioi-thieu","status":"publish","type":"page","link":"https:\/\/backcom.io\/en\/chuong-trinh-gioi-thieu","title":{"rendered":"Referral Program"},"content":{"rendered":"\t\t<div data-elementor-type=\"wp-page\" data-elementor-id=\"7860\" class=\"elementor elementor-7860\" data-elementor-post-type=\"page\">\n\t\t\t\t<div class=\"elementor-element elementor-element-7787559 e-flex e-con-boxed e-con e-parent\" data-id=\"7787559\" data-element_type=\"container\" data-e-type=\"container\" data-settings=\"{&quot;background_background&quot;:&quot;classic&quot;}\">\n\t\t\t\t\t<div class=\"e-con-inner\">\n\t\t<div class=\"elementor-element elementor-element-c758db0 e-con-full e-flex e-con e-child\" data-id=\"c758db0\" data-element_type=\"container\" data-e-type=\"container\">\n\t\t<div class=\"elementor-element elementor-element-66e695a e-con-full e-flex e-con e-child\" data-id=\"66e695a\" data-element_type=\"container\" data-e-type=\"container\">\n\t\t<div class=\"elementor-element elementor-element-501197e e-con-full e-flex e-con e-child\" data-id=\"501197e\" data-element_type=\"container\" data-e-type=\"container\">\n\t\t\t\t<div class=\"elementor-element elementor-element-ed65db0 animated-slow elementor-invisible elementor-widget elementor-widget-heading\" data-id=\"ed65db0\" data-element_type=\"widget\" data-e-type=\"widget\" data-settings=\"{&quot;_animation&quot;:&quot;slideInRight&quot;,&quot;_animation_delay&quot;:200}\" data-widget_type=\"heading.default\">\n\t\t\t\t<div class=\"elementor-widget-container\">\n\t\t\t\t\t<h1 class=\"elementor-heading-title elementor-size-default\"><span class=\"backcom-text-gradient-animated\"><font color=\"#efefef\"><span style=\"font-size: 60px\">Ch\u01b0\u01a1ng Tr\u00ecnh\n<\/span><\/font><\/span><br><font color=\"#8dff08\"><span style=\"font-size: 48px\">Gi\u1edbi Thi\u1ec7u B\u1ea1n B\u00e8<\/span><\/font><\/h1>\t\t\t\t<\/div>\n\t\t\t\t<\/div>\n\t\t\t\t<div class=\"elementor-element elementor-element-9503366 elementor-widget__width-initial elementor-invisible elementor-widget elementor-widget-text-editor\" data-id=\"9503366\" data-element_type=\"widget\" data-e-type=\"widget\" data-settings=\"{&quot;_animation&quot;:&quot;bounceIn&quot;,&quot;_animation_delay&quot;:600}\" data-widget_type=\"text-editor.default\">\n\t\t\t\t<div class=\"elementor-widget-container\">\n\t\t\t\t\t\t\t\t\t<p data-start=\"70\" data-end=\"265\">Gi\u1edbi Thi\u1ec7u B\u1ea1n B\u00e8 Tham Gia Ho\u00e0n Ph\u00ed &#8211; Nh\u1eadn L\u00ean T\u1edbi $100\/L\u01b0\u1ee3t Gi\u1edbi Thi\u1ec7u. Kh\u00f4ng Gi\u1edbi H\u1ea1n S\u1ed1 L\u01b0\u1ee3ng L\u01b0\u1ee3t Gi\u1edbi Thi\u1ec7u \u2013 C\u00e0ng M\u1eddi Nhi\u1ec1u, Th\u01b0\u1edfng C\u00e0ng L\u1edbn.<\/p>\t\t\t\t\t\t\t\t<\/div>\n\t\t\t\t<\/div>\n\t\t<div class=\"elementor-element elementor-element-b616f79 e-flex e-con-boxed elementor-invisible e-con e-child\" data-id=\"b616f79\" data-element_type=\"container\" data-e-type=\"container\" data-settings=\"{&quot;animation&quot;:&quot;fadeIn&quot;,&quot;animation_delay&quot;:1000}\">\n\t\t\t\t\t<div class=\"e-con-inner\">\n\t\t\t\t<div class=\"elementor-element elementor-element-81fc1d4 elementor-align-right elementor-mobile-align-justify elementor-widget elementor-widget-button\" data-id=\"81fc1d4\" data-element_type=\"widget\" data-e-type=\"widget\" data-widget_type=\"button.default\">\n\t\t\t\t<div class=\"elementor-widget-container\">\n\t\t\t\t\t\t\t\t\t<div class=\"elementor-button-wrapper\">\n\t\t\t\t\t<a class=\"elementor-button elementor-button-link elementor-size-sm\" href=\"https:\/\/app.backcom.io\/dashboard\/referral\">\n\t\t\t\t\t\t<span class=\"elementor-button-content-wrapper\">\n\t\t\t\t\t\t\t\t\t<span class=\"elementor-button-text\">Gi\u1edbi Thi\u1ec7u Ngay<\/span>\n\t\t\t\t\t<\/span>\n\t\t\t\t\t<\/a>\n\t\t\t\t<\/div>\n\t\t\t\t\t\t\t\t<\/div>\n\t\t\t\t<\/div>\n\t\t\t\t<div class=\"elementor-element elementor-element-1fde1a5 elementor-align-right elementor-mobile-align-justify elementor-widget elementor-widget-button\" data-id=\"1fde1a5\" data-element_type=\"widget\" data-e-type=\"widget\" data-widget_type=\"button.default\">\n\t\t\t\t<div class=\"elementor-widget-container\">\n\t\t\t\t\t\t\t\t\t<div class=\"elementor-button-wrapper\">\n\t\t\t\t\t<a class=\"elementor-button elementor-size-sm\" role=\"button\">\n\t\t\t\t\t\t<span class=\"elementor-button-content-wrapper\">\n\t\t\t\t\t\t\t\t\t<span class=\"elementor-button-text\">C\u00e1ch Ho\u1ea1t \u0110\u1ed9ng<\/span>\n\t\t\t\t\t<\/span>\n\t\t\t\t\t<\/a>\n\t\t\t\t<\/div>\n\t\t\t\t\t\t\t\t<\/div>\n\t\t\t\t<\/div>\n\t\t\t\t\t<\/div>\n\t\t\t\t<\/div>\n\t\t\t\t<\/div>\n\t\t<div class=\"elementor-element elementor-element-c97f14b e-con-full e-flex e-con e-child\" data-id=\"c97f14b\" data-element_type=\"container\" data-e-type=\"container\">\n\t\t\t\t<div class=\"elementor-element elementor-element-828021e elementor-widget elementor-widget-image\" data-id=\"828021e\" data-element_type=\"widget\" data-e-type=\"widget\" data-widget_type=\"image.default\">\n\t\t\t\t<div class=\"elementor-widget-container\">\n\t\t\t\t\t\t\t\t\t\t\t\t\t\t\t<img decoding=\"async\" width=\"800\" height=\"450\" src=\"https:\/\/backcom.io\/wp-content\/uploads\/2026\/01\/Reward-hub-16_9-1024x576.png\" class=\"attachment-large size-large wp-image-7866\" alt=\"\" srcset=\"https:\/\/backcom.io\/wp-content\/uploads\/2026\/01\/Reward-hub-16_9-1024x576.png 1024w, https:\/\/backcom.io\/wp-content\/uploads\/2026\/01\/Reward-hub-16_9-300x169.png 300w, https:\/\/backcom.io\/wp-content\/uploads\/2026\/01\/Reward-hub-16_9-768x432.png 768w, https:\/\/backcom.io\/wp-content\/uploads\/2026\/01\/Reward-hub-16_9-1536x864.png 1536w, https:\/\/backcom.io\/wp-content\/uploads\/2026\/01\/Reward-hub-16_9-2048x1152.png 2048w, https:\/\/backcom.io\/wp-content\/uploads\/2026\/01\/Reward-hub-16_9-18x10.png 18w\" sizes=\"(max-width: 800px) 100vw, 800px\" \/>\t\t\t\t\t\t\t\t\t\t\t\t\t\t\t<\/div>\n\t\t\t\t<\/div>\n\t\t\t\t<\/div>\n\t\t\t\t<\/div>\n\t\t\t\t<\/div>\n\t\t\t\t\t<\/div>\n\t\t\t\t<\/div>\n\t\t<div class=\"elementor-element elementor-element-c866d8a e-flex e-con-boxed e-con e-parent\" data-id=\"c866d8a\" data-element_type=\"container\" data-e-type=\"container\" data-settings=\"{&quot;background_background&quot;:&quot;classic&quot;}\">\n\t\t\t\t\t<div class=\"e-con-inner\">\n\t\t\t\t<div class=\"elementor-element elementor-element-2754349 elementor-widget elementor-widget-heading\" data-id=\"2754349\" data-element_type=\"widget\" data-e-type=\"widget\" data-widget_type=\"heading.default\">\n\t\t\t\t<div class=\"elementor-widget-container\">\n\t\t\t\t\t<h2 class=\"elementor-heading-title elementor-size-default\">M\u1eddi B\u1ea1n B\u00e8 Ngay<\/h2>\t\t\t\t<\/div>\n\t\t\t\t<\/div>\n\t\t\t\t<div class=\"elementor-element elementor-element-bdf0634 elementor-widget__width-initial elementor-widget elementor-widget-text-editor\" data-id=\"bdf0634\" data-element_type=\"widget\" data-e-type=\"widget\" data-settings=\"{&quot;motion_fx_motion_fx_scrolling&quot;:&quot;yes&quot;,&quot;motion_fx_devices&quot;:[&quot;desktop&quot;,&quot;tablet&quot;,&quot;mobile&quot;]}\" data-widget_type=\"text-editor.default\">\n\t\t\t\t<div class=\"elementor-widget-container\">\n\t\t\t\t\t\t\t\t\t<div class=\"text-center mb-20\"><article class=\"text-token-text-primary w-full focus:outline-none scroll-mt-[calc(var(--header-height)+min(200px,max(70px,20svh)))]\" dir=\"auto\" tabindex=\"-1\" data-turn-id=\"request-WEB:544d5d01-a5e1-4ed4-817a-66f7b763dd39-4\" data-testid=\"conversation-turn-10\" data-scroll-anchor=\"true\" data-turn=\"assistant\"><div class=\"text-base my-auto mx-auto pb-10 [--thread-content-margin:--spacing(4)] @[37rem]:[--thread-content-margin:--spacing(6)] @[72rem]:[--thread-content-margin:--spacing(16)] px-(--thread-content-margin)\"><div class=\"[--thread-content-max-width:32rem] @[34rem]:[--thread-content-max-width:40rem] @[64rem]:[--thread-content-max-width:48rem] mx-auto max-w-(--thread-content-max-width) flex-1 group\/turn-messages focus-visible:outline-hidden relative flex w-full min-w-0 flex-col agent-turn\" tabindex=\"-1\"><div class=\"flex max-w-full flex-col grow\"><div class=\"min-h-8 text-message relative flex w-full flex-col items-end gap-2 text-start break-words whitespace-normal [.text-message+&amp;]:mt-5\" dir=\"auto\" data-message-author-role=\"assistant\" data-message-id=\"57095341-4032-4d9c-b41e-37bbb13cc2c4\" data-message-model-slug=\"gpt-5\"><div class=\"flex w-full flex-col gap-1 empty:hidden first:pt-[3px]\"><div class=\"markdown prose dark:prose-invert w-full break-words dark markdown-new-styling\"><p data-start=\"0\" data-end=\"68\" data-is-last-node=\"\" data-is-only-node=\"\">Chia s\u1ebb Backcom.io cho b\u1ea1n b\u00e8. Khi h\u1ecd giao d\u1ecbch v\u00e0 nh\u1eadn ho\u00e0n ph\u00ed, b\u1ea1n c\u00f3 th\u1ec3 nh\u1eadn th\u01b0\u1edfng l\u00ean t\u1edbi 100 USDT\/ng\u01b0\u1eddi.<\/p><\/div><\/div><\/div><\/div><\/div><\/div><\/article><\/div>\t\t\t\t\t\t\t\t<\/div>\n\t\t\t\t<\/div>\n\t\t<div class=\"elementor-element elementor-element-f6419f4 e-grid e-con-full e-con e-child\" data-id=\"f6419f4\" data-element_type=\"container\" data-e-type=\"container\">\n\t\t<div class=\"elementor-element elementor-element-852f359 e-con-full animated-fast e-transform e-flex elementor-invisible e-con e-child\" data-id=\"852f359\" data-element_type=\"container\" data-e-type=\"container\" data-settings=\"{&quot;background_background&quot;:&quot;classic&quot;,&quot;animation&quot;:&quot;fadeIn&quot;,&quot;animation_delay&quot;:100,&quot;_transform_scale_effect_hover&quot;:{&quot;unit&quot;:&quot;px&quot;,&quot;size&quot;:1.03,&quot;sizes&quot;:[]},&quot;_transform_scale_effect_hover_tablet&quot;:{&quot;unit&quot;:&quot;px&quot;,&quot;size&quot;:&quot;&quot;,&quot;sizes&quot;:[]},&quot;_transform_scale_effect_hover_mobile&quot;:{&quot;unit&quot;:&quot;px&quot;,&quot;size&quot;:&quot;&quot;,&quot;sizes&quot;:[]}}\">\n\t\t\t\t<div class=\"elementor-element elementor-element-202ae8e e-transform elementor-widget elementor-widget-image\" data-id=\"202ae8e\" data-element_type=\"widget\" data-e-type=\"widget\" data-settings=\"{&quot;_transform_scale_effect_hover&quot;:{&quot;unit&quot;:&quot;px&quot;,&quot;size&quot;:1.03,&quot;sizes&quot;:[]},&quot;_transform_scale_effect_hover_tablet&quot;:{&quot;unit&quot;:&quot;px&quot;,&quot;size&quot;:&quot;&quot;,&quot;sizes&quot;:[]},&quot;_transform_scale_effect_hover_mobile&quot;:{&quot;unit&quot;:&quot;px&quot;,&quot;size&quot;:&quot;&quot;,&quot;sizes&quot;:[]}}\" data-widget_type=\"image.default\">\n\t\t\t\t<div class=\"elementor-widget-container\">\n\t\t\t\t\t\t\t\t\t\t\t\t\t\t\t<img decoding=\"async\" src=\"https:\/\/backcom.io\/wp-content\/uploads\/elementor\/thumbs\/Asset-7number-rgriov7w34v4joj456sjrht2sscjuxldzyezxufn68.png\" title=\"Asset 7number\" alt=\"B\u01b0\u1edbc 1 \u2013 \u0110\u0103ng k\u00fd t\u00e0i kho\u1ea3n s\u00e0n qua m\u00e3 gi\u1edbi thi\u1ec7u Backcom.io\" loading=\"lazy\" \/>\t\t\t\t\t\t\t\t\t\t\t\t\t\t\t<\/div>\n\t\t\t\t<\/div>\n\t\t\t\t<div class=\"elementor-element elementor-element-2ff892d elementor-widget elementor-widget-heading\" data-id=\"2ff892d\" data-element_type=\"widget\" data-e-type=\"widget\" data-widget_type=\"heading.default\">\n\t\t\t\t<div class=\"elementor-widget-container\">\n\t\t\t\t\t<h2 class=\"elementor-heading-title elementor-size-default\">Chia S\u1ebb Link Gi\u1edbi Thi\u1ec7u<\/h2>\t\t\t\t<\/div>\n\t\t\t\t<\/div>\n\t\t\t\t<div class=\"elementor-element elementor-element-e2c3569 elementor-widget elementor-widget-text-editor\" data-id=\"e2c3569\" data-element_type=\"widget\" data-e-type=\"widget\" data-widget_type=\"text-editor.default\">\n\t\t\t\t<div class=\"elementor-widget-container\">\n\t\t\t\t\t\t\t\t\t<p>Chia s\u1ebb <strong data-start=\"416\" data-end=\"454\">link ho\u1eb7c m\u00e3 gi\u1edbi thi\u1ec7u Backcom.io<\/strong> c\u1ee7a b\u1ea1n cho b\u1ea1n b\u00e8, c\u1ed9ng \u0111\u1ed3ng trader, nh\u00f3m Telegram, Facebook\u2026<\/p>\t\t\t\t\t\t\t\t<\/div>\n\t\t\t\t<\/div>\n\t\t\t\t<\/div>\n\t\t<div class=\"elementor-element elementor-element-8787616 e-con-full animated-fast e-transform e-flex elementor-invisible e-con e-child\" data-id=\"8787616\" data-element_type=\"container\" data-e-type=\"container\" data-settings=\"{&quot;background_background&quot;:&quot;classic&quot;,&quot;animation&quot;:&quot;fadeIn&quot;,&quot;animation_delay&quot;:100,&quot;_transform_scale_effect_hover&quot;:{&quot;unit&quot;:&quot;px&quot;,&quot;size&quot;:1.03,&quot;sizes&quot;:[]},&quot;_transform_scale_effect_hover_tablet&quot;:{&quot;unit&quot;:&quot;px&quot;,&quot;size&quot;:&quot;&quot;,&quot;sizes&quot;:[]},&quot;_transform_scale_effect_hover_mobile&quot;:{&quot;unit&quot;:&quot;px&quot;,&quot;size&quot;:&quot;&quot;,&quot;sizes&quot;:[]}}\">\n\t\t\t\t<div class=\"elementor-element elementor-element-1d87310 e-transform elementor-widget elementor-widget-image\" data-id=\"1d87310\" data-element_type=\"widget\" data-e-type=\"widget\" data-settings=\"{&quot;_transform_scale_effect_hover&quot;:{&quot;unit&quot;:&quot;px&quot;,&quot;size&quot;:1.03,&quot;sizes&quot;:[]},&quot;_transform_scale_effect_hover_tablet&quot;:{&quot;unit&quot;:&quot;px&quot;,&quot;size&quot;:&quot;&quot;,&quot;sizes&quot;:[]},&quot;_transform_scale_effect_hover_mobile&quot;:{&quot;unit&quot;:&quot;px&quot;,&quot;size&quot;:&quot;&quot;,&quot;sizes&quot;:[]}}\" data-widget_type=\"image.default\">\n\t\t\t\t<div class=\"elementor-widget-container\">\n\t\t\t\t\t\t\t\t\t\t\t\t\t\t\t<img decoding=\"async\" src=\"https:\/\/backcom.io\/wp-content\/uploads\/elementor\/thumbs\/Asset-8number-rgriow5q9ywevahqzp76bzkje67x2mp4c32hf4e8y2.png\" title=\"Asset 8number\" alt=\"B\u01b0\u1edbc 2 \u2013 Li\u00ean k\u1ebft UID t\u00e0i kho\u1ea3n s\u00e0n v\u1edbi Backcom App\" loading=\"lazy\" \/>\t\t\t\t\t\t\t\t\t\t\t\t\t\t\t<\/div>\n\t\t\t\t<\/div>\n\t\t\t\t<div class=\"elementor-element elementor-element-dee0d67 elementor-widget elementor-widget-heading\" data-id=\"dee0d67\" data-element_type=\"widget\" data-e-type=\"widget\" data-widget_type=\"heading.default\">\n\t\t\t\t<div class=\"elementor-widget-container\">\n\t\t\t\t\t<h2 class=\"elementor-heading-title elementor-size-default\">\u0110\u0103ng K\u00fd Ho\u00e0n Ph\u00ed <\/h2>\t\t\t\t<\/div>\n\t\t\t\t<\/div>\n\t\t\t\t<div class=\"elementor-element elementor-element-c9c4efe elementor-widget elementor-widget-text-editor\" data-id=\"c9c4efe\" data-element_type=\"widget\" data-e-type=\"widget\" data-widget_type=\"text-editor.default\">\n\t\t\t\t<div class=\"elementor-widget-container\">\n\t\t\t\t\t\t\t\t\t<p>B\u1ea1n b\u00e8 \u0111\u0103ng k\u00fd t\u00e0i kho\u1ea3n Backcom.io qua link gi\u1edbi thi\u1ec7u v\u00e0 <strong data-start=\"699\" data-end=\"731\">li\u00ean k\u1ebft t\u00e0i kho\u1ea3n giao d\u1ecbch<\/strong> (crypto \/ forex) theo h\u01b0\u1edbng d\u1eabn.<\/p>\t\t\t\t\t\t\t\t<\/div>\n\t\t\t\t<\/div>\n\t\t\t\t<\/div>\n\t\t<div class=\"elementor-element elementor-element-7bfff9b e-con-full animated-fast e-transform e-flex elementor-invisible e-con e-child\" data-id=\"7bfff9b\" data-element_type=\"container\" data-e-type=\"container\" data-settings=\"{&quot;background_background&quot;:&quot;classic&quot;,&quot;animation&quot;:&quot;fadeIn&quot;,&quot;animation_delay&quot;:100,&quot;_transform_scale_effect_hover&quot;:{&quot;unit&quot;:&quot;px&quot;,&quot;size&quot;:1.03,&quot;sizes&quot;:[]},&quot;_transform_scale_effect_hover_tablet&quot;:{&quot;unit&quot;:&quot;px&quot;,&quot;size&quot;:&quot;&quot;,&quot;sizes&quot;:[]},&quot;_transform_scale_effect_hover_mobile&quot;:{&quot;unit&quot;:&quot;px&quot;,&quot;size&quot;:&quot;&quot;,&quot;sizes&quot;:[]}}\">\n\t\t\t\t<div class=\"elementor-element elementor-element-c92a4fd e-transform elementor-widget elementor-widget-image\" data-id=\"c92a4fd\" data-element_type=\"widget\" data-e-type=\"widget\" data-settings=\"{&quot;_transform_scale_effect_hover&quot;:{&quot;unit&quot;:&quot;px&quot;,&quot;size&quot;:1.03,&quot;sizes&quot;:[]},&quot;_transform_scale_effect_hover_tablet&quot;:{&quot;unit&quot;:&quot;px&quot;,&quot;size&quot;:&quot;&quot;,&quot;sizes&quot;:[]},&quot;_transform_scale_effect_hover_mobile&quot;:{&quot;unit&quot;:&quot;px&quot;,&quot;size&quot;:&quot;&quot;,&quot;sizes&quot;:[]}}\" data-widget_type=\"image.default\">\n\t\t\t\t<div class=\"elementor-widget-container\">\n\t\t\t\t\t\t\t\t\t\t\t\t\t\t\t<img decoding=\"async\" src=\"https:\/\/backcom.io\/wp-content\/uploads\/elementor\/thumbs\/Asset-5number-rgriov7w34v4joj456sjrht2sscjuxldzyezxufn5e.png\" title=\"Asset 5number\" alt=\"B\u01b0\u1edbc 3 \u2013 Giao d\u1ecbch v\u00e0 nh\u1eadn ho\u00e0n ph\u00ed t\u1ef1 \u0111\u1ed9ng v\u1ec1 v\u00ed\" loading=\"lazy\" \/>\t\t\t\t\t\t\t\t\t\t\t\t\t\t\t<\/div>\n\t\t\t\t<\/div>\n\t\t\t\t<div class=\"elementor-element elementor-element-6b5af1b elementor-widget elementor-widget-heading\" data-id=\"6b5af1b\" data-element_type=\"widget\" data-e-type=\"widget\" data-widget_type=\"heading.default\">\n\t\t\t\t<div class=\"elementor-widget-container\">\n\t\t\t\t\t<h2 class=\"elementor-heading-title elementor-size-default\">Giao D\u1ecbch &amp; Nh\u1eadn Th\u01b0\u1edfng<\/h2>\t\t\t\t<\/div>\n\t\t\t\t<\/div>\n\t\t\t\t<div class=\"elementor-element elementor-element-12d68f0 elementor-widget elementor-widget-text-editor\" data-id=\"12d68f0\" data-element_type=\"widget\" data-e-type=\"widget\" data-widget_type=\"text-editor.default\">\n\t\t\t\t<div class=\"elementor-widget-container\">\n\t\t\t\t\t\t\t\t\t<p data-start=\"909\" data-end=\"984\">Khi b\u1ea1n b\u00e8 <strong data-start=\"920\" data-end=\"950\">ph\u00e1t sinh giao d\u1ecbch h\u1ee3p l\u1ec7<\/strong> tr\u00ean c\u00e1c s\u00e0n \u0111\u01b0\u1ee3c Backcom h\u1ed7 tr\u1ee3. B\u1ea1n nh\u1eadn th\u01b0\u1edfng l\u00ean t\u1edbi <strong data-start=\"998\" data-end=\"1058\">100USDT\/l\u01b0\u1ee3t gi\u1edbi thi\u1ec7u.<\/strong><\/p>\t\t\t\t\t\t\t\t<\/div>\n\t\t\t\t<\/div>\n\t\t\t\t<\/div>\n\t\t\t\t<\/div>\n\t\t\t\t<div class=\"elementor-element elementor-element-b7d3e3f elementor-align-center elementor-mobile-align-justify elementor-widget elementor-widget-button\" data-id=\"b7d3e3f\" data-element_type=\"widget\" data-e-type=\"widget\" data-widget_type=\"button.default\">\n\t\t\t\t<div class=\"elementor-widget-container\">\n\t\t\t\t\t\t\t\t\t<div class=\"elementor-button-wrapper\">\n\t\t\t\t\t<a class=\"elementor-button elementor-button-link elementor-size-sm\" href=\"https:\/\/app.backcom.io\/dashboard\/referral\" target=\"_blank\">\n\t\t\t\t\t\t<span class=\"elementor-button-content-wrapper\">\n\t\t\t\t\t\t<span class=\"elementor-button-icon\">\n\t\t\t\t<i aria-hidden=\"true\" class=\"fas fa-chevron-right\"><\/i>\t\t\t<\/span>\n\t\t\t\t\t\t\t\t\t<span class=\"elementor-button-text\">L\u1ea5y M\u00e3 Gi\u1edbi Thi\u1ec7u<\/span>\n\t\t\t\t\t<\/span>\n\t\t\t\t\t<\/a>\n\t\t\t\t<\/div>\n\t\t\t\t\t\t\t\t<\/div>\n\t\t\t\t<\/div>\n\t\t\t\t\t<\/div>\n\t\t\t\t<\/div>\n\t\t\t\t<\/div>\n\t\t","protected":false},"excerpt":{"rendered":"<p>Ch\u01b0\u01a1ng Tr\u00ecnh Gi\u1edbi Thi\u1ec7u B\u1ea1n B\u00e8 Gi\u1edbi Thi\u1ec7u B\u1ea1n B\u00e8 Tham Gia Ho\u00e0n Ph\u00ed &#8211; Nh\u1eadn L\u00ean T\u1edbi $100\/L\u01b0\u1ee3t Gi\u1edbi Thi\u1ec7u. Kh\u00f4ng Gi\u1edbi H\u1ea1n S\u1ed1 L\u01b0\u1ee3ng L\u01b0\u1ee3t Gi\u1edbi Thi\u1ec7u \u2013 C\u00e0ng M\u1eddi Nhi\u1ec1u, Th\u01b0\u1edfng C\u00e0ng L\u1edbn. Gi\u1edbi Thi\u1ec7u Ngay C\u00e1ch Ho\u1ea1t \u0110\u1ed9ng M\u1eddi B\u1ea1n B\u00e8 Ngay Chia s\u1ebb Backcom.io cho b\u1ea1n b\u00e8. Khi h\u1ecd giao [&hellip;]<\/p>\n","protected":false},"author":1,"featured_media":0,"parent":0,"menu_order":0,"comment_status":"closed","ping_status":"closed","template":"","meta":{"_acf_changed":false,"_eb_attr":"","footnotes":""},"class_list":["post-7860","page","type-page","status-publish","hentry"],"acf":[],"_links":{"self":[{"href":"https:\/\/backcom.io\/en\/wp-json\/wp\/v2\/pages\/7860","targetHints":{"allow":["GET"]}}],"collection":[{"href":"https:\/\/backcom.io\/en\/wp-json\/wp\/v2\/pages"}],"about":[{"href":"https:\/\/backcom.io\/en\/wp-json\/wp\/v2\/types\/page"}],"author":[{"embeddable":true,"href":"https:\/\/backcom.io\/en\/wp-json\/wp\/v2\/users\/1"}],"replies":[{"embeddable":true,"href":"https:\/\/backcom.io\/en\/wp-json\/wp\/v2\/comments?post=7860"}],"version-history":[{"count":13,"href":"https:\/\/backcom.io\/en\/wp-json\/wp\/v2\/pages\/7860\/revisions"}],"predecessor-version":[{"id":8138,"href":"https:\/\/backcom.io\/en\/wp-json\/wp\/v2\/pages\/7860\/revisions\/8138"}],"wp:attachment":[{"href":"https:\/\/backcom.io\/en\/wp-json\/wp\/v2\/media?parent=7860"}],"curies":[{"name":"wp","href":"https:\/\/api.w.org\/{rel}","templated":true}]}}